{"id":3,"date":"2021-08-19T10:26:11","date_gmt":"2021-08-19T10:26:11","guid":{"rendered":"https:\/\/husmuttern.se\/?page_id=3"},"modified":"2021-08-19T13:36:20","modified_gmt":"2021-08-19T13:36:20","slug":"privacy-policy","status":"publish","type":"page","link":"https:\/\/husmuttern.se\/en\/privacy-policy\/","title":{"rendered":"Integritetspolicy"},"content":{"rendered":"<p>Hos Husmuttern AB \u00e4r din personliga integritet v\u00e4ldigt viktig och du ska k\u00e4nna dig trygg n\u00e4r du l\u00e4mnar personuppgifter till oss. Vi skyddar d\u00e4rf\u00f6r dina personuppgifter i enlighet med <br>g\u00e4llande lagstiftning.<\/p>\n\n\n\n<p><strong>Personuppgiftsansvarig: <\/strong>Husmuttern AB ansvarar f\u00f6r att dina personuppgifter behandlas i enlighet med g\u00e4llande lagstiftning. Personuppgiftsansvarig \u00e4r Husmuttern AB.<\/p>\n\n\n\n<p>org. nr 559043-3396<\/p>\n\n\n\n<p><\/p>\n\n\n\n<p>Endast en begr\u00e4nsad andel anst\u00e4llda p\u00e5 Husmuttern AB som f\u00e5r ta del av dina personuppgifter.<\/p>\n\n\n\n<p>Vill du hantera dina personuppgifter hos Husmuttern AB, vill du f\u00e5 ut de personuppgifter vi har av dig hos Husmuttern AB eller f\u00e5 dem uppdaterade eller raderade s\u00e5 kontaktar du oss genom att skicka ett mejl till info@husmuttern.se.<\/p>\n\n\n\n<p><strong>Varf\u00f6r vi sparar personuppgifter. <\/strong>Vi sparar uppgifter n\u00e4r du kontaktar oss, t ex n\u00e4r du skickar ett mejl, ringer eller genom kontaktfunktioner p\u00e5 v\u00e5r webbsida eller via sociala medier. Detta g\u00f6r vi f\u00f6r att kunna svara p\u00e5 din f\u00f6rfr\u00e5gan.<\/p>\n\n\n\n<p><strong>Vem vi delar dina uppgifter med.<\/strong> Dina personuppgifter anv\u00e4nds bara inom Husmuttern AB men dina personuppgifter kan komma att l\u00e4mnas ut n\u00e4r s\u00e5 kr\u00e4vs enligt lag eller n\u00e4r det \u00e4r n\u00f6dv\u00e4ndigt att skydda Husmuttern AB, v\u00e5ra medarbetares, kunders eller allm\u00e4nhetens r\u00e4ttigheter eller s\u00e4kerhet.<\/p>","protected":false},"excerpt":{"rendered":"<p>Hos Husmuttern AB \u00e4r din personliga integritet v\u00e4ldigt viktig och du ska k\u00e4nna dig trygg n\u00e4r du l\u00e4mnar personuppgifter till oss. Vi skyddar d\u00e4rf\u00f6r dina personuppgifter i enlighet med g\u00e4llande lagstiftning. Personuppgiftsansvarig: Husmuttern AB ansvarar f\u00f6r att dina personuppgifter behandlas i enlighet med g\u00e4llande lagstiftning. Personuppgiftsansvarig \u00e4r Husmuttern AB. org. nr 559043-3396 Endast en begr\u00e4nsad&hellip;&nbsp;<a href=\"https:\/\/husmuttern.se\/en\/privacy-policy\/\" rel=\"bookmark\">Read More &raquo;<span class=\"screen-reader-text\">Integritetspolicy<\/span><\/a><\/p>","protected":false},"author":1,"featured_media":0,"parent":0,"menu_order":0,"comment_status":"closed","ping_status":"open","template":"","meta":{"neve_meta_sidebar":"","neve_meta_container":"","neve_meta_enable_content_width":"","neve_meta_content_width":0,"neve_meta_title_alignment":"","neve_meta_author_avatar":"","neve_post_elements_order":"","neve_meta_disable_header":"","neve_meta_disable_footer":"","neve_meta_disable_title":"","footnotes":""},"class_list":["post-3","page","type-page","status-publish","hentry"],"_links":{"self":[{"href":"https:\/\/husmuttern.se\/en\/wp-json\/wp\/v2\/pages\/3","targetHints":{"allow":["GET"]}}],"collection":[{"href":"https:\/\/husmuttern.se\/en\/wp-json\/wp\/v2\/pages"}],"about":[{"href":"https:\/\/husmuttern.se\/en\/wp-json\/wp\/v2\/types\/page"}],"author":[{"embeddable":true,"href":"https:\/\/husmuttern.se\/en\/wp-json\/wp\/v2\/users\/1"}],"replies":[{"embeddable":true,"href":"https:\/\/husmuttern.se\/en\/wp-json\/wp\/v2\/comments?post=3"}],"version-history":[{"count":1,"href":"https:\/\/husmuttern.se\/en\/wp-json\/wp\/v2\/pages\/3\/revisions"}],"predecessor-version":[{"id":316,"href":"https:\/\/husmuttern.se\/en\/wp-json\/wp\/v2\/pages\/3\/revisions\/316"}],"wp:attachment":[{"href":"https:\/\/husmuttern.se\/en\/wp-json\/wp\/v2\/media?parent=3"}],"curies":[{"name":"wp","href":"https:\/\/api.w.org\/{rel}","templated":true}]}}