{"id":360,"date":"2021-08-19T13:26:02","date_gmt":"2021-08-19T13:26:02","guid":{"rendered":"https:\/\/husmuttern.se\/?page_id=360"},"modified":"2022-05-19T12:20:47","modified_gmt":"2022-05-19T12:20:47","slug":"examensarbete","status":"publish","type":"page","link":"https:\/\/husmuttern.se\/en\/examensarbete\/","title":{"rendered":"Master thesis"},"content":{"rendered":"<h2 class=\"has-text-align-center wp-block-heading\"> Master thesis <\/h2>\n\n\n\n<p><strong>Master thesis<\/strong><\/p>\n\n\n\n<p>Husmuttern AB\u00a0ger dig m\u00f6jligheten att skr\u00e4ddarsy ditt Examensarbete eller studentarbete f\u00f6r att utveckla ditt intresseomr\u00e5de och g\u00f6ra ett arbete som bidrar till samh\u00e4llsnytta\u00a0och utmanar ditt innovativa t\u00e4nkande. \u00d6ver 150 studenter har valt att genomf\u00f6ra sina Examensarbeten eller studentarbeten med oss.<\/p>\n\n\n\n<p><strong>Examples of areas<\/strong><br>Construction<br>Innovation<br>Construction technology<br>Production<br>Animation<br>Design<br>IT<br>HVAC<br>Electrical engineering<br>etc&#8230;<br>Feel free to contact us with an inquiry even if you are studying a subject other than the above.<\/p>\n\n\n\n<p><strong>To apply, feel free to include the following content in your message<\/strong><\/p>\n\n\n\n<ul class=\"wp-block-list\"><li>Name&nbsp;<\/li><li>Phone number<\/li><li>Email adress<\/li><li>Training<\/li><li>Area of interest or thesis proposal<\/li><li>Time period for degree project<\/li><\/ul>\n\n\n\n<p>We follow the new law GDPR (General Protection Regulation) which came into force on 25 May 2018.<br>Read more about our <a href=\"\/en\/integritetspolicy\/\"><strong>privacy policy here.<\/strong><\/a><\/p>\n\n\n\n<div class=\"wp-block-contact-form-7-contact-form-selector\">\n<div class=\"wpcf7 no-js\" id=\"wpcf7-f377-o1\" lang=\"sv-SE\" dir=\"ltr\" data-wpcf7-id=\"377\">\n<div class=\"screen-reader-response\"><p role=\"status\" aria-live=\"polite\" aria-atomic=\"true\"><\/p> <ul><\/ul><\/div>\n<form action=\"\/en\/wp-json\/wp\/v2\/pages\/360#wpcf7-f377-o1\" method=\"post\" class=\"wpcf7-form init\" aria-label=\"Kontaktformul\u00e4r\" novalidate=\"novalidate\" data-status=\"init\" data-trp-original-action=\"\/en\/wp-json\/wp\/v2\/pages\/360#wpcf7-f377-o1\">\n<fieldset class=\"hidden-fields-container\"><input type=\"hidden\" name=\"_wpcf7\" value=\"377\" \/><input type=\"hidden\" name=\"_wpcf7_version\" value=\"6.1.5\" \/><input type=\"hidden\" name=\"_wpcf7_locale\" value=\"sv_SE\" \/><input type=\"hidden\" name=\"_wpcf7_unit_tag\" value=\"wpcf7-f377-o1\" \/><input type=\"hidden\" name=\"_wpcf7_container_post\" value=\"0\" \/><input type=\"hidden\" name=\"_wpcf7_posted_data_hash\" value=\"\" \/>\n<\/fieldset>\n<p><label> Your name<br \/>\n<span class=\"wpcf7-form-control-wrap\" data-name=\"your-name\"><input size=\"40\" maxlength=\"400\" class=\"wpcf7-form-control wpcf7-text wpcf7-validates-as-required\" aria-required=\"true\" aria-invalid=\"false\" value=\"\" type=\"text\" name=\"your-name\" \/><\/span> <\/label>\n<\/p>\n<p><label> Your email<br \/>\n<span class=\"wpcf7-form-control-wrap\" data-name=\"your-email\"><input size=\"40\" maxlength=\"400\" class=\"wpcf7-form-control wpcf7-email wpcf7-validates-as-required wpcf7-text wpcf7-validates-as-email\" aria-required=\"true\" aria-invalid=\"false\" value=\"\" type=\"email\" name=\"your-email\" \/><\/span> <\/label>\n<\/p>\n<p><label> Subject<br \/>\n<span class=\"wpcf7-form-control-wrap\" data-name=\"your-subject\"><input size=\"40\" maxlength=\"400\" class=\"wpcf7-form-control wpcf7-text wpcf7-validates-as-required\" aria-required=\"true\" aria-invalid=\"false\" value=\"\" type=\"text\" name=\"your-subject\" \/><\/span> <\/label>\n<\/p>\n<p><label> Your message<br \/>\n<span class=\"wpcf7-form-control-wrap\" data-name=\"your-message\"><textarea cols=\"40\" rows=\"10\" maxlength=\"2000\" class=\"wpcf7-form-control wpcf7-textarea\" aria-invalid=\"false\" name=\"your-message\"><\/textarea><\/span> <\/label>\n<\/p>\n<p><input class=\"wpcf7-form-control wpcf7-submit has-spinner\" type=\"submit\" value=\"Send\" \/>\n<\/p><div class=\"wpcf7-response-output\" aria-hidden=\"true\"><\/div>\n<input type=\"hidden\" name=\"trp-form-language\" value=\"en\"\/><\/form>\n<\/div>\n<\/div>\n\n\n\n<div style=\"height:100px\" aria-hidden=\"true\" class=\"wp-block-spacer\"><\/div>","protected":false},"excerpt":{"rendered":"<p>Examensarbete Examensarbete Husmuttern AB\u00a0ger dig m\u00f6jligheten att skr\u00e4ddarsy ditt Examensarbete eller studentarbete f\u00f6r att utveckla ditt intresseomr\u00e5de och g\u00f6ra ett arbete som bidrar till samh\u00e4llsnytta\u00a0och utmanar ditt innovativa t\u00e4nkande. \u00d6ver 150 studenter har valt att genomf\u00f6ra sina Examensarbeten eller studentarbeten med oss. Exempel p\u00e5 omr\u00e5denKonstruktionInnovationByggteknikProduktionAnimationDesignITVVSEltekniketc&#8230;H\u00f6r g\u00e4rna av er med f\u00f6rfr\u00e5gan \u00e4ven om ni studerar n\u00e5got&hellip;&nbsp;<a href=\"https:\/\/husmuttern.se\/en\/examensarbete\/\" rel=\"bookmark\">Read More &raquo;<span class=\"screen-reader-text\">Master thesis<\/span><\/a><\/p>","protected":false},"author":1,"featured_media":0,"parent":0,"menu_order":0,"comment_status":"closed","ping_status":"closed","template":"","meta":{"neve_meta_sidebar":"full-width","neve_meta_container":"","neve_meta_enable_content_width":"on","neve_meta_content_width":100,"neve_meta_title_alignment":"","neve_meta_author_avatar":"","neve_post_elements_order":"","neve_meta_disable_header":"","neve_meta_disable_footer":"","neve_meta_disable_title":"on","footnotes":""},"class_list":["post-360","page","type-page","status-publish","hentry"],"_links":{"self":[{"href":"https:\/\/husmuttern.se\/en\/wp-json\/wp\/v2\/pages\/360","targetHints":{"allow":["GET"]}}],"collection":[{"href":"https:\/\/husmuttern.se\/en\/wp-json\/wp\/v2\/pages"}],"about":[{"href":"https:\/\/husmuttern.se\/en\/wp-json\/wp\/v2\/types\/page"}],"author":[{"embeddable":true,"href":"https:\/\/husmuttern.se\/en\/wp-json\/wp\/v2\/users\/1"}],"replies":[{"embeddable":true,"href":"https:\/\/husmuttern.se\/en\/wp-json\/wp\/v2\/comments?post=360"}],"version-history":[{"count":5,"href":"https:\/\/husmuttern.se\/en\/wp-json\/wp\/v2\/pages\/360\/revisions"}],"predecessor-version":[{"id":469,"href":"https:\/\/husmuttern.se\/en\/wp-json\/wp\/v2\/pages\/360\/revisions\/469"}],"wp:attachment":[{"href":"https:\/\/husmuttern.se\/en\/wp-json\/wp\/v2\/media?parent=360"}],"curies":[{"name":"wp","href":"https:\/\/api.w.org\/{rel}","templated":true}]}}