{"id":308,"date":"2020-01-13T11:17:52","date_gmt":"2020-01-13T11:17:52","guid":{"rendered":"https:\/\/demosites.io\/web-agency-gb\/?page_id=5"},"modified":"2022-06-01T08:29:51","modified_gmt":"2022-06-01T08:29:51","slug":"15c42-web-agency-gb-home","status":"publish","type":"page","link":"https:\/\/husmuttern.se\/sv_se\/","title":{"rendered":"Hem"},"content":{"rendered":"\n<div class=\"wp-block-cover alignfull is-light\" style=\"min-height:700px;aspect-ratio:unset;\"><span aria-hidden=\"true\" class=\"wp-block-cover__background has-background-dim-0 has-background-dim\"><\/span><video class=\"wp-block-cover__video-background intrinsic-ignore\" autoplay muted loop playsinline src=\"https:\/\/husmuttern.se\/wp-content\/uploads\/2021\/08\/olika-boenden2_1.comp_.m4v\" data-object-fit=\"cover\"><\/video><div class=\"wp-block-cover__inner-container is-layout-flow wp-block-cover-is-layout-flow\">\n<p class=\"has-text-align-center has-text-color\" style=\"color:#121212;font-size:17px\">Husmuttern AB utvecklar ett tr\u00e4huskoncept f\u00f6r att producera modulhus sammansatta av standardiserade komponenter efter slutanv\u00e4ndarens behov.&nbsp;Huskonceptet \u00e4r ett standardiserat demonterbart, \u00e5tervinningsbart enplanshus, f\u00f6r permanenta samt <br>tillf\u00e4lliga byggnadslov.&nbsp;<\/p>\n\n\n\n<div style=\"height:80px\" aria-hidden=\"true\" class=\"wp-block-spacer\"><\/div>\n\n\n\n<div style=\"height:80px\" aria-hidden=\"true\" class=\"wp-block-spacer\"><\/div>\n\n\n\n<p><\/p>\n<\/div><\/div>\n\n\n\n<div style=\"height:100px\" aria-hidden=\"true\" class=\"wp-block-spacer\"><\/div>\n\n\n\n\n\n\n\n<div class=\"wp-block-columns is-layout-flex wp-container-core-columns-is-layout-9d6595d7 wp-block-columns-is-layout-flex\">\n<div class=\"wp-block-column is-layout-flow wp-block-column-is-layout-flow\" style=\"flex-basis:100%\">\n<figure class=\"wp-block-video\"><video height=\"1080\" style=\"aspect-ratio: 1920 \/ 1080;\" width=\"1920\" controls poster=\"https:\/\/husmuttern.se\/wp-content\/uploads\/2021\/10\/2021-10-05.png\" src=\"https:\/\/husmuttern.se\/wp-content\/uploads\/2021\/08\/Presentation-Till-Hemsida.comp_.m4v\"><\/video><\/figure>\n<\/div>\n<\/div>\n\n\n\n\n\n\n\n\n\n\n\n<div class=\"wp-block-cover alignfull\" style=\"min-height:600px;aspect-ratio:unset;\"><span aria-hidden=\"true\" class=\"wp-block-cover__background has-nv-site-bg-background-color has-background-dim-100 has-background-dim\"><\/span><div class=\"wp-block-cover__inner-container is-layout-flow wp-block-cover-is-layout-flow\">\n<div class=\"wp-block-group\"><div class=\"wp-block-group__inner-container is-layout-flow wp-block-group-is-layout-flow\">\n<div style=\"height:80px\" aria-hidden=\"true\" class=\"wp-block-spacer\"><\/div>\n\n\n\n<div class=\"wp-block-columns are-vertically-aligned-center is-layout-flex wp-container-core-columns-is-layout-9d6595d7 wp-block-columns-is-layout-flex\">\n<div class=\"wp-block-column is-vertically-aligned-center is-layout-flow wp-block-column-is-layout-flow\" style=\"flex-basis:50%\">\n<h2 class=\"has-text-align-left has-neve-text-color-color has-text-color wp-block-heading\">Flera m\u00e5lgrupper<\/h2>\n\n\n\n<p class=\"has-nv-dark-bg-color has-text-color\">Huset ska i sina olika utf\u00f6randen passa i stort sett alla m\u00e5lgrupper, t.ex. Studenter, Familjer, Pension\u00e4rer.&nbsp;Huset ska \u00e4ven fungera som lokaler f\u00f6r Undervisning, Vandrarhem etc.<\/p>\n\n\n\n<p class=\"has-nv-dark-bg-color has-text-color\">Delar av konceptutvecklingen sker i ett \u201dopen innovation\u201d koncept d\u00e4r id\u00e9er samlas fr\u00e5n crowd innovation, examensarbeten och studentprojekt.&nbsp;<\/p>\n\n\n\n<div style=\"height:40px\" aria-hidden=\"true\" class=\"wp-block-spacer\"><\/div>\n<\/div>\n\n\n\n<div class=\"wp-block-column is-vertically-aligned-center is-layout-flow wp-block-column-is-layout-flow\" style=\"flex-basis:50%\">\n<figure class=\"wp-block-image size-full\"><img loading=\"lazy\" decoding=\"async\" width=\"741\" height=\"411\" src=\"https:\/\/husmuttern.se\/wp-content\/uploads\/2021\/08\/lekpark.jpg\" alt=\"\" class=\"wp-image-334\" srcset=\"https:\/\/husmuttern.se\/wp-content\/uploads\/2021\/08\/lekpark.jpg 741w, https:\/\/husmuttern.se\/wp-content\/uploads\/2021\/08\/lekpark-300x166.jpg 300w\" sizes=\"auto, (max-width: 741px) 100vw, 741px\" \/><\/figure>\n<\/div>\n<\/div>\n\n\n\n<div style=\"height:40px\" aria-hidden=\"true\" class=\"wp-block-spacer\"><\/div>\n<\/div><\/div>\n<\/div><\/div>\n\n\n\n<div class=\"wp-block-cover alignfull\" style=\"min-height:672px;aspect-ratio:unset;\"><span aria-hidden=\"true\" class=\"wp-block-cover__background has-nv-dark-bg-background-color has-background-dim-100 has-background-dim\"><\/span><div class=\"wp-block-cover__inner-container is-layout-flow wp-block-cover-is-layout-flow\">\n<div class=\"wp-block-group\"><div class=\"wp-block-group__inner-container is-layout-flow wp-block-group-is-layout-flow\">\n<div style=\"height:80px\" aria-hidden=\"true\" class=\"wp-block-spacer\"><\/div>\n\n\n\n<div class=\"wp-block-columns are-vertically-aligned-center is-layout-flex wp-container-core-columns-is-layout-9d6595d7 wp-block-columns-is-layout-flex\">\n<div class=\"wp-block-column is-vertically-aligned-center is-layout-flow wp-block-column-is-layout-flow\" style=\"flex-basis:50%\">\n<figure class=\"wp-block-image size-full\"><img loading=\"lazy\" decoding=\"async\" width=\"893\" height=\"692\" src=\"https:\/\/husmuttern.se\/wp-content\/uploads\/2021\/08\/fixtur.png\" alt=\"\" class=\"wp-image-335\" srcset=\"https:\/\/husmuttern.se\/wp-content\/uploads\/2021\/08\/fixtur.png 893w, https:\/\/husmuttern.se\/wp-content\/uploads\/2021\/08\/fixtur-300x232.png 300w, https:\/\/husmuttern.se\/wp-content\/uploads\/2021\/08\/fixtur-768x595.png 768w\" sizes=\"auto, (max-width: 893px) 100vw, 893px\" \/><\/figure>\n<\/div>\n\n\n\n<div class=\"wp-block-column is-vertically-aligned-center is-layout-flow wp-block-column-is-layout-flow\" style=\"flex-basis:50%\">\n<div style=\"height:40px\" aria-hidden=\"true\" class=\"wp-block-spacer\"><\/div>\n\n\n\n<h2 class=\"has-text-align-left has-nv-text-dark-bg-color has-text-color wp-block-heading\">Mikrofabriker<\/h2>\n\n\n\n<p class=\"has-text-align-left has-nv-text-dark-bg-color has-text-color\" style=\"font-size:17px\">Mikrofabriken \u00e4r anpassad f\u00f6r att en person utan f\u00f6rkunskaper, spr\u00e5kkunskaper eller arbetserfarenhet ska kunna utf\u00f6ra arbetsuppgifterna.&nbsp; <\/p>\n<\/div>\n<\/div>\n\n\n\n<div style=\"height:40px\" aria-hidden=\"true\" class=\"wp-block-spacer\"><\/div>\n<\/div><\/div>\n<\/div><\/div>\n","protected":false},"excerpt":{"rendered":"","protected":false},"author":1,"featured_media":0,"parent":0,"menu_order":0,"comment_status":"closed","ping_status":"closed","template":"","meta":{"neve_meta_sidebar":"default","neve_meta_container":"default","neve_meta_enable_content_width":"on","neve_meta_content_width":100,"neve_meta_title_alignment":"","neve_meta_author_avatar":"","neve_post_elements_order":"","neve_meta_disable_header":"","neve_meta_disable_footer":"","neve_meta_disable_title":"on","footnotes":""},"class_list":["post-308","page","type-page","status-publish","hentry"],"_links":{"self":[{"href":"https:\/\/husmuttern.se\/sv_se\/wp-json\/wp\/v2\/pages\/308","targetHints":{"allow":["GET"]}}],"collection":[{"href":"https:\/\/husmuttern.se\/sv_se\/wp-json\/wp\/v2\/pages"}],"about":[{"href":"https:\/\/husmuttern.se\/sv_se\/wp-json\/wp\/v2\/types\/page"}],"author":[{"embeddable":true,"href":"https:\/\/husmuttern.se\/sv_se\/wp-json\/wp\/v2\/users\/1"}],"replies":[{"embeddable":true,"href":"https:\/\/husmuttern.se\/sv_se\/wp-json\/wp\/v2\/comments?post=308"}],"version-history":[{"count":25,"href":"https:\/\/husmuttern.se\/sv_se\/wp-json\/wp\/v2\/pages\/308\/revisions"}],"predecessor-version":[{"id":492,"href":"https:\/\/husmuttern.se\/sv_se\/wp-json\/wp\/v2\/pages\/308\/revisions\/492"}],"wp:attachment":[{"href":"https:\/\/husmuttern.se\/sv_se\/wp-json\/wp\/v2\/media?parent=308"}],"curies":[{"name":"wp","href":"https:\/\/api.w.org\/{rel}","templated":true}]}}