{"id":436,"date":"2021-09-01T09:05:48","date_gmt":"2021-09-01T09:05:48","guid":{"rendered":"https:\/\/husmuttern.se\/?page_id=436"},"modified":"2022-06-01T07:54:22","modified_gmt":"2022-06-01T07:54:22","slug":"vardegrund","status":"publish","type":"page","link":"https:\/\/husmuttern.se\/sv_se\/vardegrund\/","title":{"rendered":"V\u00e4rdegrund"},"content":{"rendered":"\n<div class=\"wp-block-columns is-layout-flex wp-container-core-columns-is-layout-9d6595d7 wp-block-columns-is-layout-flex\">\n<div class=\"wp-block-column is-layout-flow wp-block-column-is-layout-flow\" style=\"flex-basis:100%\">\n<p>Husmuttern AB:s v\u00e4rdegrund baserar sig p\u00e5 att f\u00f6retaget har goda v\u00e4rderingar.<br>V\u00e4rdegrunden \u00e4r Be Good, Do Good och Fair Deals.<\/p>\n<\/div>\n<\/div>\n\n\n\n<div class=\"wp-block-columns is-layout-flex wp-container-core-columns-is-layout-9d6595d7 wp-block-columns-is-layout-flex\">\n<div class=\"wp-block-column is-layout-flow wp-block-column-is-layout-flow\">\n<h3 class=\"has-text-align-center has-neve-text-color-color has-text-color wp-block-heading\">Be Good<\/h3>\n\n\n\n<ul class=\"wp-block-list\"><li>Vi behandlar varandra bra.<\/li><li>Vi anv\u00e4nder bra milj\u00f6val i v\u00e5r produktion och produkt.<\/li><li>Vi skapar en bra arbetsmilj\u00f6<\/li><\/ul>\n\n\n\n<div style=\"height:20px\" aria-hidden=\"true\" class=\"wp-block-spacer\"><\/div>\n<\/div>\n\n\n\n<div class=\"wp-block-column is-layout-flow wp-block-column-is-layout-flow\">\n<h3 class=\"has-text-align-center has-neve-text-color-color has-text-color wp-block-heading\">Do Good<\/h3>\n\n\n\n<ul class=\"wp-block-list\"><li>Vi utvecklar ett produktionssystem d\u00e4r de flesta kan arbeta i.<\/li><li>Vi utvecklar en produkt som de flesta kan bo i.<\/li><\/ul>\n\n\n\n<div style=\"height:20px\" aria-hidden=\"true\" class=\"wp-block-spacer\"><\/div>\n<\/div>\n\n\n\n<div class=\"wp-block-column is-layout-flow wp-block-column-is-layout-flow\">\n<h3 class=\"has-text-align-center has-neve-text-color-color has-text-color wp-block-heading\">Fair deals<\/h3>\n\n\n\n<ul class=\"wp-block-list\"><li>Vi skapar en arbetsplats med bra villkor f\u00f6r inhyrd \/ anst\u00e4lld personal.<\/li><li>Vi skapar en produkt som ska vara tillg\u00e4nglig f\u00f6r s\u00e5 m\u00e5nga som m\u00f6jligt.<\/li><\/ul>\n\n\n\n<div style=\"height:20px\" aria-hidden=\"true\" class=\"wp-block-spacer\"><\/div>\n<\/div>\n<\/div>\n\n\n\n<p><\/p>\n","protected":false},"excerpt":{"rendered":"<p>Husmuttern AB:s v\u00e4rdegrund baserar sig p\u00e5 att f\u00f6retaget har goda v\u00e4rderingar.V\u00e4rdegrunden \u00e4r Be Good, Do Good och Fair Deals. Be Good Vi behandlar varandra bra. Vi anv\u00e4nder bra milj\u00f6val i v\u00e5r produktion och produkt. Vi skapar en bra arbetsmilj\u00f6 Do Good Vi utvecklar ett produktionssystem d\u00e4r de flesta kan arbeta i. Vi utvecklar en produkt&hellip;&nbsp;<a href=\"https:\/\/husmuttern.se\/sv_se\/vardegrund\/\" rel=\"bookmark\">L\u00e4s mer &raquo;<span class=\"screen-reader-text\">V\u00e4rdegrund<\/span><\/a><\/p>\n","protected":false},"author":1,"featured_media":0,"parent":0,"menu_order":0,"comment_status":"closed","ping_status":"closed","template":"","meta":{"neve_meta_sidebar":"default","neve_meta_container":"default","neve_meta_enable_content_width":"on","neve_meta_content_width":100,"neve_meta_title_alignment":"","neve_meta_author_avatar":"","neve_post_elements_order":"","neve_meta_disable_header":"","neve_meta_disable_footer":"","neve_meta_disable_title":"on","footnotes":""},"class_list":["post-436","page","type-page","status-publish","hentry"],"_links":{"self":[{"href":"https:\/\/husmuttern.se\/sv_se\/wp-json\/wp\/v2\/pages\/436","targetHints":{"allow":["GET"]}}],"collection":[{"href":"https:\/\/husmuttern.se\/sv_se\/wp-json\/wp\/v2\/pages"}],"about":[{"href":"https:\/\/husmuttern.se\/sv_se\/wp-json\/wp\/v2\/types\/page"}],"author":[{"embeddable":true,"href":"https:\/\/husmuttern.se\/sv_se\/wp-json\/wp\/v2\/users\/1"}],"replies":[{"embeddable":true,"href":"https:\/\/husmuttern.se\/sv_se\/wp-json\/wp\/v2\/comments?post=436"}],"version-history":[{"count":5,"href":"https:\/\/husmuttern.se\/sv_se\/wp-json\/wp\/v2\/pages\/436\/revisions"}],"predecessor-version":[{"id":484,"href":"https:\/\/husmuttern.se\/sv_se\/wp-json\/wp\/v2\/pages\/436\/revisions\/484"}],"wp:attachment":[{"href":"https:\/\/husmuttern.se\/sv_se\/wp-json\/wp\/v2\/media?parent=436"}],"curies":[{"name":"wp","href":"https:\/\/api.w.org\/{rel}","templated":true}]}}